{"id":4355,"date":"2021-04-19T17:03:41","date_gmt":"2021-04-19T15:03:41","guid":{"rendered":"https:\/\/fsm.law\/?page_id=4355"},"modified":"2021-09-22T15:42:51","modified_gmt":"2021-09-22T13:42:51","slug":"auf-einen-blick","status":"publish","type":"page","link":"https:\/\/fsm.kniff.at\/en\/auf-einen-blick\/","title":{"rendered":"FSM at a glance"},"content":{"rendered":"<div class=\"vce-row-container\" data-vce-boxed-width=\"true\"><div class=\"vce-row vce-element--has-background vce-row--col-gap-30 vce-row-equal-height vce-row-content--top\" id=\"el-24424fcb\" data-vce-do-apply=\"all el-24424fcb\"><div class=\"vce-content-background-container\"><div class=\"vce-asset-background-simple-container vce-visible-all-only vce-asset-background-simple--style-cover vce-asset-background-simple--position-center-top\"><div class=\"vce-asset-background-simple\"><div class=\"vce-asset-background-simple-item\" style=\"background-image: url('https:\/\/fsm.kniff.at\/wp-content\/uploads\/2021\/04\/bg.png');\"><\/div><\/div><\/div><\/div><div class=\"vce-row-content\" data-vce-element-content=\"true\"><div class=\"vce-col vce-col--md-auto vce-col--xs-1 vce-col--xs-last vce-col--xs-first vce-col--sm-last vce-col--sm-first vce-col--md-last vce-col--lg-last vce-col--xl-last vce-col--md-first vce-col--lg-first vce-col--xl-first\" id=\"el-b3d6af89\"><div class=\"vce-col-inner\" data-vce-do-apply=\"border margin background  el-b3d6af89\"><div class=\"vce-content-background-container\"><\/div><div class=\"vce-col-content\" data-vce-element-content=\"true\" data-vce-do-apply=\"padding el-b3d6af89\"><div class=\"vce-single-image-container vce-single-image--align-center\"><div class=\"vce vce-single-image-wrapper\" id=\"el-d9b6cbcc\" data-vce-do-apply=\"all el-d9b6cbcc\"><figure><div class=\"vce-single-image-inner vce-single-image--absolute\" style=\"padding-bottom: 31.76470588235294%; width: 255px;\"><img loading=\"lazy\" decoding=\"async\" class=\"vce-single-image vcv-lozad\" data-src=\"https:\/\/fsm.kniff.at\/wp-content\/uploads\/2021\/04\/logo-white-1.png\" width=\"255\" height=\"81\" src=\"\" data-img-src=\"https:\/\/fsm.kniff.at\/wp-content\/uploads\/2021\/04\/logo-white-1.png\" alt=\"\" title=\"logo-white\" \/><noscript>\n        &lt;img class=\"vce-single-image\" src=\"https:\/\/fsm.kniff.at\/wp-content\/uploads\/2021\/04\/logo-white-1.png\" width=\"255\" height=\"81\" alt=\"\" title=\"logo-white\" \/&gt;\n      <\/noscript><\/div><figcaption hidden=\"\"><\/figcaption><\/figure><\/div><\/div><div class=\"vce-text-block\"><div class=\"vce-text-block-wrapper vce\" id=\"el-cbe5e45d\" data-vce-do-apply=\"all el-cbe5e45d\"><h2 style=\"text-align: center;\"><span style=\"color: #ffffff;\">3 Fachgebiete, 21 ExpertInnen<br><\/span><span style=\"color: #ffffff; letter-spacing: -0.02em;\">und unendlich viel Leidenschaft.<\/span><\/h2><\/div><\/div><div class=\"vce-row-container\" data-vce-boxed-width=\"true\"><div class=\"vce-row vce-row--col-gap-12 vce-row-equal-height vce-row-content--top\" id=\"el-1f16123e\" data-vce-do-apply=\"all el-1f16123e\"><div class=\"vce-row-content\" data-vce-element-content=\"true\"><div class=\"vce-col vce-col--xs-50p vce-col--xs-visible vce-col--xs-first vce-col--sm-50p vce-col--sm-visible vce-col--sm-first vce-col--md-33p vce-col--md-visible vce-col--md-first vce-col--lg-auto vce-col--lg-visible vce-col--lg-first vce-col--xl-auto vce-col--xl-visible vce-col--xl-first\" id=\"el-740556ca\"><div class=\"vce-col-inner\" data-vce-do-apply=\"border margin background  el-740556ca\"><div class=\"vce-col-content\" data-vce-element-content=\"true\" data-vce-do-apply=\"padding el-740556ca\"><div class=\"vce-button--style-outline-container running-text vce-button--style-outline-container--align-center\"><span class=\"vce-button--style-outline-wrapper vce\" id=\"el-5158c7b3\" data-vce-do-apply=\"margin el-5158c7b3\"><button class=\"vce-button--style-outline-animated vce-button--style-outline--border-round vce-button--style-outline--size-medium vce-button--style-outline-animated--color-b-255-255-255--fff--3d3d3d vce-button--style-outline-animated--border-color-b-255-255-255--3d3d3d vce-button--style-outline-animated--background-color-3d3d3d\" data-vce-do-apply=\"padding border background  el-5158c7b3\"><span class=\"vce-button--style-outline-text\">#Freiheit<\/span><\/button><\/span><\/div><\/div><\/div><\/div><div class=\"vce-col vce-col--xs-50p vce-col--xs-visible vce-col--xs-last vce-col--sm-50p vce-col--sm-visible vce-col--sm-last vce-col--md-33p vce-col--md-visible vce-col--lg-auto vce-col--lg-visible vce-col--xl-auto vce-col--xl-visible\" id=\"el-d59182e3\"><div class=\"vce-col-inner\" data-vce-do-apply=\"border margin background  el-d59182e3\"><div class=\"vce-col-content\" data-vce-element-content=\"true\" data-vce-do-apply=\"padding el-d59182e3\"><div class=\"vce-button--style-outline-container running-text vce-button--style-outline-container--align-center\"><span class=\"vce-button--style-outline-wrapper vce\" id=\"el-292c7885\" data-vce-do-apply=\"margin el-292c7885\"><button class=\"vce-button--style-outline-animated vce-button--style-outline--border-round vce-button--style-outline--size-medium vce-button--style-outline-animated--color-b-255-255-255--fff--3d3d3d vce-button--style-outline-animated--border-color-b-255-255-255--3d3d3d vce-button--style-outline-animated--background-color-3d3d3d\" data-vce-do-apply=\"padding border background  el-292c7885\"><span class=\"vce-button--style-outline-text\">#Qualit\u00e4t<\/span><\/button><\/span><\/div><\/div><\/div><\/div><div class=\"vce-col vce-col--xs-50p vce-col--xs-visible vce-col--xs-first vce-col--sm-50p vce-col--sm-visible vce-col--sm-first vce-col--md-33p vce-col--md-visible vce-col--md-last vce-col--lg-auto vce-col--lg-visible vce-col--xl-auto vce-col--xl-visible\" id=\"el-ca17dde4\"><div class=\"vce-col-inner\" data-vce-do-apply=\"border margin background  el-ca17dde4\"><div class=\"vce-col-content\" data-vce-element-content=\"true\" data-vce-do-apply=\"padding el-ca17dde4\"><div class=\"vce-button--style-outline-container running-text vce-button--style-outline-container--align-center\"><span class=\"vce-button--style-outline-wrapper vce\" id=\"el-101193d5\" data-vce-do-apply=\"margin el-101193d5\"><button class=\"vce-button--style-outline-animated vce-button--style-outline--border-round vce-button--style-outline--size-medium vce-button--style-outline-animated--color-b-255-255-255--fff--3d3d3d vce-button--style-outline-animated--border-color-b-255-255-255--3d3d3d vce-button--style-outline-animated--background-color-3d3d3d\" data-vce-do-apply=\"padding border background  el-101193d5\"><span class=\"vce-button--style-outline-text\">#Dynamik<\/span><\/button><\/span><\/div><\/div><\/div><\/div><div class=\"vce-col vce-col--xs-50p vce-col--xs-visible vce-col--xs-last vce-col--sm-50p vce-col--sm-visible vce-col--sm-last vce-col--md-50p vce-col--md-visible vce-col--md-first vce-col--lg-auto vce-col--lg-visible vce-col--xl-auto vce-col--xl-visible\" id=\"el-8b53122a\"><div class=\"vce-col-inner\" data-vce-do-apply=\"border margin background  el-8b53122a\"><div class=\"vce-col-content\" data-vce-element-content=\"true\" data-vce-do-apply=\"padding el-8b53122a\"><div class=\"vce-button--style-outline-container running-text vce-button--style-outline-container--align-center\"><span class=\"vce-button--style-outline-wrapper vce\" id=\"el-22992a20\" data-vce-do-apply=\"margin el-22992a20\"><button class=\"vce-button--style-outline-animated vce-button--style-outline--border-round vce-button--style-outline--size-medium vce-button--style-outline-animated--color-b-255-255-255--fff--3d3d3d vce-button--style-outline-animated--border-color-b-255-255-255--3d3d3d vce-button--style-outline-animated--background-color-3d3d3d\" data-vce-do-apply=\"padding border background  el-22992a20\"><span class=\"vce-button--style-outline-text\">#Vertrauen<\/span><\/button><\/span><\/div><\/div><\/div><\/div><div class=\"vce-col vce-col--xs-100p vce-col--xs-visible vce-col--xs-last vce-col--xs-first vce-col--sm-100p vce-col--sm-visible vce-col--sm-last vce-col--sm-first vce-col--md-50p vce-col--md-visible vce-col--md-last vce-col--lg-auto vce-col--lg-visible vce-col--lg-last vce-col--xl-auto vce-col--xl-visible vce-col--xl-last\" id=\"el-4350922c\"><div class=\"vce-col-inner\" data-vce-do-apply=\"border margin background  el-4350922c\"><div class=\"vce-col-content\" data-vce-element-content=\"true\" data-vce-do-apply=\"padding el-4350922c\"><div class=\"vce-button--style-outline-container running-text vce-button--style-outline-container--align-center\"><span class=\"vce-button--style-outline-wrapper vce\" id=\"el-3415da62\" data-vce-do-apply=\"margin el-3415da62\"><button class=\"vce-button--style-outline-animated vce-button--style-outline--border-round vce-button--style-outline--size-medium vce-button--style-outline-animated--color-b-255-255-255--fff--3d3d3d vce-button--style-outline-animated--border-color-b-255-255-255--3d3d3d vce-button--style-outline-animated--background-color-3d3d3d\" data-vce-do-apply=\"padding border background  el-3415da62\"><span class=\"vce-button--style-outline-text\">#Innovation<\/span><\/button><\/span><\/div><\/div><\/div><\/div><\/div><\/div><\/div><\/div><\/div><\/div><\/div><\/div><\/div><div class=\"vce-row-container\" data-vce-boxed-width=\"true\"><div class=\"vce-row vce-row--has-col-background vce-row--col-gap-6 vce-row-equal-height vce-row-content--top\" id=\"el-c7ddb3a1\" data-vce-do-apply=\"all el-c7ddb3a1\"><div class=\"vce-content-background-container\"><\/div><div class=\"vce-row-content\" data-vce-element-content=\"true\"><div class=\"vce-col vce-element--has-background vce-col--xs-100p vce-col--xs-visible vce-col--xs-last vce-col--xs-first vce-col--sm-100p vce-col--sm-visible vce-col--sm-last vce-col--sm-first vce-col--md-50p vce-col--md-visible vce-col--md-first vce-col--lg-auto vce-col--lg-visible vce-col--lg-first vce-col--xl-auto vce-col--xl-visible vce-col--xl-first\" id=\"el-44714b35\"><div class=\"vce-col-inner\" data-vce-do-apply=\"border margin background  el-44714b35\"><div class=\"vce-content-background-container\"><\/div><div class=\"vce-col-content\" data-vce-element-content=\"true\" data-vce-do-apply=\"padding el-44714b35\"><div class=\"vce-text-block\"><div class=\"vce-text-block-wrapper vce\" id=\"el-4b18722b\" data-vce-do-apply=\"all el-4b18722b\"><h4 style=\"text-align: center; line-height: 2.5;\"><span style=\"font-size: 16pt;\">VERGABERECHT<\/span><\/h4><p><img loading=\"lazy\" decoding=\"async\" class=\"size-full wp-image-4360 aligncenter\" style=\"margin: auto; display: block; width: 300px; max-width: 100%;\" src=\"https:\/\/fsm.kniff.at\/wp-content\/uploads\/2021\/04\/vergaberecht-1.jpg\" alt=\"\" width=\"660\" height=\"439\" srcset=\"https:\/\/fsm.kniff.at\/wp-content\/uploads\/2021\/04\/vergaberecht-1.jpg 660w, https:\/\/fsm.kniff.at\/wp-content\/uploads\/2021\/04\/vergaberecht-1-300x200.jpg 300w, https:\/\/fsm.kniff.at\/wp-content\/uploads\/2021\/04\/vergaberecht-1-600x399.jpg 600w, https:\/\/fsm.kniff.at\/wp-content\/uploads\/2021\/04\/vergaberecht-1-50x33.jpg 50w\" sizes=\"auto, (max-width: 660px) 100vw, 660px\" \/><\/p><p style=\"text-align: center;\"><a href=\"https:\/\/fsm.kniff.at\/team\/moick\/\"><strong>Karlheinz Moick<\/strong><\/a><br><a href=\"https:\/\/fsm.kniff.at\/team\/feuchtmuller\/\"><strong>Sebastian Feuchtm\u00fcller<\/strong><\/a><br><a href=\"https:\/\/fsm.kniff.at\/team\/reiter-werzin\/\"><strong>Sophie Reiter-Werzin<\/strong><\/a><\/p><\/div><\/div><\/div><\/div><\/div><div class=\"vce-col vce-element--has-background vce-col--xs-100p vce-col--xs-visible vce-col--xs-last vce-col--xs-first vce-col--sm-100p vce-col--sm-visible vce-col--sm-last vce-col--sm-first vce-col--md-50p vce-col--md-visible vce-col--md-last vce-col--lg-auto vce-col--lg-visible vce-col--xl-auto vce-col--xl-visible\" id=\"el-8a5819fc\"><div class=\"vce-col-inner\" data-vce-do-apply=\"border margin background  el-8a5819fc\"><div class=\"vce-content-background-container\"><\/div><div class=\"vce-col-content\" data-vce-element-content=\"true\" data-vce-do-apply=\"padding el-8a5819fc\"><div class=\"vce-text-block\"><div class=\"vce-text-block-wrapper vce\" id=\"el-d5c22913\" data-vce-do-apply=\"all el-d5c22913\"><h4 style=\"text-align: center; line-height: 2.5;\"><span style=\"font-size: 16pt;\">Immobilienrecht<\/span><\/h4><p><img loading=\"lazy\" decoding=\"async\" class=\"size-full wp-image-4358 aligncenter\" style=\"margin: auto; display: block; width: 300px; max-width: 100%;\" src=\"https:\/\/fsm.kniff.at\/wp-content\/uploads\/2021\/04\/immobilienrecht.png\" alt=\"\" width=\"661\" height=\"439\" srcset=\"https:\/\/fsm.kniff.at\/wp-content\/uploads\/2021\/04\/immobilienrecht.png 661w, https:\/\/fsm.kniff.at\/wp-content\/uploads\/2021\/04\/immobilienrecht-300x199.png 300w, https:\/\/fsm.kniff.at\/wp-content\/uploads\/2021\/04\/immobilienrecht-600x398.png 600w, https:\/\/fsm.kniff.at\/wp-content\/uploads\/2021\/04\/immobilienrecht-50x33.png 50w\" sizes=\"auto, (max-width: 661px) 100vw, 661px\" \/><\/p><p style=\"text-align: center;\"><a href=\"https:\/\/fsm.kniff.at\/team\/stockert\/\"><strong>Benedikt Stockert<\/strong><\/a><br><a href=\"https:\/\/fsm.kniff.at\/team\/feuchtmuller\/\"><strong>Sebastian Feuchtm\u00fcller<\/strong><\/a><br><a href=\"https:\/\/fsm.kniff.at\/team\/pesek\/\"><strong>Reinhard Pesek<\/strong><\/a><\/p><\/div><\/div><\/div><\/div><\/div><div class=\"vce-col vce-element--has-background vce-col--xs-100p vce-col--xs-visible vce-col--xs-last vce-col--xs-first vce-col--sm-100p vce-col--sm-visible vce-col--sm-last vce-col--sm-first vce-col--md-100p vce-col--md-visible vce-col--md-last vce-col--md-first vce-col--lg-auto vce-col--lg-visible vce-col--lg-last vce-col--xl-auto vce-col--xl-visible vce-col--xl-last\" id=\"el-4a45f5e6\"><div class=\"vce-col-inner\" data-vce-do-apply=\"border margin background  el-4a45f5e6\"><div class=\"vce-content-background-container\"><\/div><div class=\"vce-col-content\" data-vce-element-content=\"true\" data-vce-do-apply=\"padding el-4a45f5e6\"><div class=\"vce-text-block\"><div class=\"vce-text-block-wrapper vce\" id=\"el-fbc68367\" data-vce-do-apply=\"all el-fbc68367\"><h4 style=\"text-align: center; line-height: 1.25;\"><span style=\"font-size: 16pt;\">Unternehmens- und<br>Gesellschaftsrecht<\/span><\/h4><p><img loading=\"lazy\" decoding=\"async\" class=\"size-full wp-image-4359 aligncenter\" style=\"margin: auto; display: block; width: 300px; max-width: 100%;\" src=\"https:\/\/fsm.kniff.at\/wp-content\/uploads\/2021\/04\/unternehmensrecht.png\" alt=\"\" width=\"660\" height=\"439\"><\/p><p style=\"text-align: center;\"><a href=\"https:\/\/fsm.kniff.at\/team\/patzold\/\"><strong>D\u00f6rk P\u00e4tzold<\/strong><\/a><br><a href=\"https:\/\/fsm.kniff.at\/team\/havranek\/\"><strong>Hannes Havranek<\/strong><\/a><br><a href=\"https:\/\/fsm.kniff.at\/team\/kirkovits\/\"><strong>Felix Augustus Kirkovits<\/strong><\/a><\/p><\/div><\/div><\/div><\/div><\/div><\/div><\/div><\/div><div class=\"vce-row-container\" data-vce-boxed-width=\"true\"><div class=\"vce-row vce-element--has-background vce-row--col-gap-30 vce-row-equal-height vce-row-content--top\" id=\"el-c45ea24d\" data-vce-do-apply=\"all el-c45ea24d\"><div class=\"vce-content-background-container\"><\/div><div class=\"vce-row-content\" data-vce-element-content=\"true\"><div class=\"vce-col vce-col--xs-100p vce-col--xs-visible vce-col--xs-last vce-col--xs-first vce-col--sm-100p vce-col--sm-visible vce-col--sm-last vce-col--sm-first vce-col--md-100p vce-col--md-visible vce-col--md-last vce-col--md-first vce-col--lg-auto vce-col--lg-visible vce-col--lg-first vce-col--xl-auto vce-col--xl-visible vce-col--xl-first\" id=\"el-f8b0f23c\"><div class=\"vce-col-inner\" data-vce-do-apply=\"border margin background  el-f8b0f23c\"><div class=\"vce-col-content\" data-vce-element-content=\"true\" data-vce-do-apply=\"padding el-f8b0f23c\"><div class=\"vce-text-block\"><div class=\"vce-text-block-wrapper vce\" id=\"el-6c194c12\" data-vce-do-apply=\"all el-6c194c12\"><h1 style=\"line-height: 0.75; text-align: center;\"><span style=\"color: #f9805e;\">laufend up2date <\/span><\/h1><\/div><\/div><\/div><\/div><\/div><div class=\"vce-col vce-col--xs-100p vce-col--xs-visible vce-col--xs-last vce-col--xs-first vce-col--sm-100p vce-col--sm-visible vce-col--sm-last vce-col--sm-first vce-col--md-50p vce-col--md-visible vce-col--md-first vce-col--lg-auto vce-col--lg-visible vce-col--xl-auto vce-col--xl-visible\" id=\"el-5685bae0\"><div class=\"vce-col-inner\" data-vce-do-apply=\"border margin background  el-5685bae0\"><div class=\"vce-col-content\" data-vce-element-content=\"true\" data-vce-do-apply=\"padding el-5685bae0\"><div class=\"vce-text-block\"><div class=\"vce-text-block-wrapper vce\" id=\"el-f5358ed4\" data-vce-do-apply=\"all el-f5358ed4\"><p><a href=\"https:\/\/fsm.kniff.at\/podcast\/\"><img loading=\"lazy\" decoding=\"async\" class=\"alignleft wp-image-4363 size-full\" src=\"https:\/\/fsm.kniff.at\/wp-content\/uploads\/2021\/04\/podcast.png\" alt=\"\" width=\"409\" height=\"78\" srcset=\"https:\/\/fsm.kniff.at\/wp-content\/uploads\/2021\/04\/podcast.png 409w, https:\/\/fsm.kniff.at\/wp-content\/uploads\/2021\/04\/podcast-300x57.png 300w, https:\/\/fsm.kniff.at\/wp-content\/uploads\/2021\/04\/podcast-50x10.png 50w\" sizes=\"auto, (max-width: 409px) 100vw, 409px\" \/><\/a><\/p><\/div><\/div><\/div><\/div><\/div><div class=\"vce-col vce-col--xs-100p vce-col--xs-visible vce-col--xs-last vce-col--xs-first vce-col--sm-100p vce-col--sm-visible vce-col--sm-last vce-col--sm-first vce-col--md-50p vce-col--md-visible vce-col--md-last vce-col--lg-auto vce-col--lg-visible vce-col--lg-last vce-col--xl-auto vce-col--xl-visible vce-col--xl-last\" id=\"el-bbbe2c51\"><div class=\"vce-col-inner\" data-vce-do-apply=\"border margin background  el-bbbe2c51\"><div class=\"vce-col-content\" data-vce-element-content=\"true\" data-vce-do-apply=\"padding el-bbbe2c51\"><div class=\"vce-text-block\"><div class=\"vce-text-block-wrapper vce\" id=\"el-86e4375f\" data-vce-do-apply=\"all el-86e4375f\"><p><a href=\"https:\/\/fsm.kniff.at\/update-vergabe\"><img loading=\"lazy\" decoding=\"async\" class=\"alignleft wp-image-4364 size-full\" src=\"https:\/\/fsm.kniff.at\/wp-content\/uploads\/2021\/04\/updatevergabe.png\" alt=\"\" width=\"435\" height=\"78\" srcset=\"https:\/\/fsm.kniff.at\/wp-content\/uploads\/2021\/04\/updatevergabe.png 435w, https:\/\/fsm.kniff.at\/wp-content\/uploads\/2021\/04\/updatevergabe-300x54.png 300w, https:\/\/fsm.kniff.at\/wp-content\/uploads\/2021\/04\/updatevergabe-50x9.png 50w\" sizes=\"auto, (max-width: 435px) 100vw, 435px\" \/><\/a><\/p><\/div><\/div><\/div><\/div><\/div><\/div><\/div><\/div><div class=\"vce-row-container\" data-vce-boxed-width=\"true\"><div class=\"vce-row vce-row--col-gap-30 vce-row-equal-height vce-row-content--top\" id=\"el-b6b85890\" data-vce-do-apply=\"all el-b6b85890\"><div class=\"vce-row-content\" data-vce-element-content=\"true\"><div class=\"vce-col vce-col--md-auto vce-col--xs-1 vce-col--xs-last vce-col--xs-first vce-col--sm-last vce-col--sm-first vce-col--md-last vce-col--lg-last vce-col--xl-last vce-col--md-first vce-col--lg-first vce-col--xl-first\" id=\"el-ecb7ae97\"><div class=\"vce-col-inner\" data-vce-do-apply=\"border margin background  el-ecb7ae97\"><div class=\"vce-col-content\" data-vce-element-content=\"true\" data-vce-do-apply=\"padding el-ecb7ae97\"><\/div><\/div><\/div><\/div><\/div><\/div>\n","protected":false},"excerpt":{"rendered":"<p>&lt;img class=&#8221;vce-single-image&#8221; src=&#8221;https:\/\/fsm.kniff.at\/wp-content\/uploads\/2021\/04\/logo-white-1.png&#8221; width=&#8221;255&#8243; height=&#8221;81&#8243; alt=&#8221;&#8221; title=&#8221;logo-white&#8221; \/&gt; 3 Fachgebiete, 21 ExpertInnenund unendlich viel Leidenschaft.#Freiheit#Qualit\u00e4t#Dynamik#Vertrauen#InnovationVERGABERECHTKarlheinz MoickSebastian Feuchtm\u00fcllerSophie Reiter-WerzinImmobilienrechtBenedikt StockertSebastian Feuchtm\u00fcllerReinhard PesekUnternehmens- undGesellschaftsrechtD\u00f6rk P\u00e4tzoldHannes HavranekFelix Augustus Kirkovitslaufend up2date<\/p>\n","protected":false},"author":1,"featured_media":0,"parent":0,"menu_order":0,"comment_status":"closed","ping_status":"closed","template":"","meta":{"_acf_changed":false,"footnotes":""},"class_list":["post-4355","page","type-page","status-publish","hentry"],"acf":[],"_links":{"self":[{"href":"https:\/\/fsm.kniff.at\/en\/wp-json\/wp\/v2\/pages\/4355","targetHints":{"allow":["GET"]}}],"collection":[{"href":"https:\/\/fsm.kniff.at\/en\/wp-json\/wp\/v2\/pages"}],"about":[{"href":"https:\/\/fsm.kniff.at\/en\/wp-json\/wp\/v2\/types\/page"}],"author":[{"embeddable":true,"href":"https:\/\/fsm.kniff.at\/en\/wp-json\/wp\/v2\/users\/1"}],"replies":[{"embeddable":true,"href":"https:\/\/fsm.kniff.at\/en\/wp-json\/wp\/v2\/comments?post=4355"}],"version-history":[{"count":6,"href":"https:\/\/fsm.kniff.at\/en\/wp-json\/wp\/v2\/pages\/4355\/revisions"}],"predecessor-version":[{"id":4727,"href":"https:\/\/fsm.kniff.at\/en\/wp-json\/wp\/v2\/pages\/4355\/revisions\/4727"}],"wp:attachment":[{"href":"https:\/\/fsm.kniff.at\/en\/wp-json\/wp\/v2\/media?parent=4355"}],"curies":[{"name":"wp","href":"https:\/\/api.w.org\/{rel}","templated":true}]}}